{"id":4339,"date":"2021-02-25T09:46:46","date_gmt":"2021-02-25T08:46:46","guid":{"rendered":"https:\/\/www.penzion-kaps.si\/sobe\/triple-room-with-balcony\/"},"modified":"2024-10-10T11:35:13","modified_gmt":"2024-10-10T10:35:13","slug":"mala-dvoposteljna-soba","status":"publish","type":"page","link":"https:\/\/www.penzion-kaps.si\/sl\/sobe\/mala-dvoposteljna-soba\/","title":{"rendered":"Mala dvoposteljna soba"},"content":{"rendered":"<p>[et_pb_section fb_built=&#8221;1&#8243; _builder_version=&#8221;4.16&#8243; background_enable_color=&#8221;off&#8221; background_image=&#8221;https:\/\/www.penzion-kaps.si\/wp-content\/uploads\/2021\/02\/background-texture-petrol.png&#8221; background_size=&#8221;initial&#8221; background_repeat=&#8221;repeat&#8221; transparent_background=&#8221;off&#8221; global_colors_info=&#8221;{}&#8221;][et_pb_row _builder_version=&#8221;4.16&#8243; background_size=&#8221;initial&#8221; background_position=&#8221;top_left&#8221; background_repeat=&#8221;repeat&#8221; global_colors_info=&#8221;{}&#8221;][et_pb_column type=&#8221;4_4&#8243; _builder_version=&#8221;4.16&#8243; custom_padding=&#8221;|||&#8221; global_colors_info=&#8221;{}&#8221; custom_padding__hover=&#8221;|||&#8221;][dsm_block_reveal_image src=&#8221;https:\/\/www.penzion-kaps.si\/wp-content\/uploads\/2019\/11\/pension-logo.png&#8221; title_text=&#8221;pension-logo&#8221; align=&#8221;center&#8221; _builder_version=&#8221;4.16&#8243; _module_preset=&#8221;default&#8221; global_colors_info=&#8221;{}&#8221;][\/dsm_block_reveal_image][et_pb_text admin_label=&#8221;Mala dvoposteljna soba&#8221; _builder_version=&#8221;4.25.1&#8243; background_size=&#8221;initial&#8221; background_position=&#8221;top_left&#8221; background_repeat=&#8221;repeat&#8221; global_colors_info=&#8221;{}&#8221;]<\/p>\n<h1 style=\"text-align: center;\">Mala dvoposteljna soba<\/h1>\n<p>[\/et_pb_text][et_pb_image src=&#8221;https:\/\/www.penzion-kaps.si\/wp-content\/uploads\/2024\/05\/PENZION-KAPS-BLED-Mala-dvopostelina-soba-1-1.jpg&#8221; alt=&#8221;PENZION KAPS BLED&#8221; title_text=&#8221;PENZION KAPS BLED &#8211; Mala dvopostelina soba&#8221; align_tablet=&#8221;center&#8221; align_phone=&#8221;&#8221; align_last_edited=&#8221;on|desktop&#8221; admin_label=&#8221;Image&#8221; _builder_version=&#8221;4.27.2&#8243; animation_style=&#8221;slide&#8221; animation_direction=&#8221;left&#8221; animation_duration=&#8221;500ms&#8221; animation_intensity_slide=&#8221;10%&#8221; hover_enabled=&#8221;0&#8243; animation=&#8221;left&#8221; sticky=&#8221;off&#8221; global_colors_info=&#8221;{}&#8221; sticky_enabled=&#8221;0&#8243;][\/et_pb_image][\/et_pb_column][\/et_pb_row][et_pb_row column_structure=&#8221;2_5,3_5&#8243; _builder_version=&#8221;4.16&#8243; background_size=&#8221;initial&#8221; background_position=&#8221;top_left&#8221; background_repeat=&#8221;repeat&#8221; global_colors_info=&#8221;{}&#8221;][et_pb_column type=&#8221;2_5&#8243; _builder_version=&#8221;4.16&#8243; custom_padding=&#8221;|||&#8221; global_colors_info=&#8221;{}&#8221; custom_padding__hover=&#8221;|||&#8221;][et_pb_text admin_label=&#8221;Text&#8221; _builder_version=&#8221;4.27.2&#8243; background_size=&#8221;initial&#8221; background_position=&#8221;top_left&#8221; background_repeat=&#8221;repeat&#8221; global_colors_info=&#8221;{}&#8221;]<\/p>\n<h3><em><strong>Mala dvoposteljna soba<\/strong><\/em><\/h3>\n<ul>\n<li>Cca 15m2<\/li>\n<li>Mo\u017enost otro\u0161ke posteljice<\/li>\n<li>Mo\u017enost dodatnega le\u017ei\u0161\u010da<\/li>\n<li>Tv<\/li>\n<li>Priklju\u010dek za Internet<\/li>\n<li>Klimatska naprava<\/li>\n<li>Sef<\/li>\n<li>Hladilnik<\/li>\n<li>Brezpla\u010dmo parkiri\u0161\u010de<\/li>\n<li>Brezpla\u010den internet<\/li>\n<li><strong>Zajtrk vklju\u010den<\/strong><\/li>\n<\/ul>\n<p>[\/et_pb_text][et_pb_text admin_label=&#8221;Text&#8221; _builder_version=&#8221;4.27.2&#8243; _module_preset=&#8221;default&#8221; background_size=&#8221;initial&#8221; background_position=&#8221;top_left&#8221; background_repeat=&#8221;repeat&#8221; locked=&#8221;off&#8221; global_colors_info=&#8221;{}&#8221;]<\/p>\n\n<p>[\/et_pb_text][\/et_pb_column][et_pb_column type=&#8221;3_5&#8243; _builder_version=&#8221;4.16&#8243; custom_padding=&#8221;|||&#8221; global_colors_info=&#8221;{}&#8221; custom_padding__hover=&#8221;|||&#8221;][dsm_masonry_gallery gallery_ids=&#8221;5543,5547,5551,5555,5559,5563,5567,5513,5509,5505&#8243; use_lightbox=&#8221;on&#8221; columns_tablet=&#8221;1&#8243; columns_phone=&#8221;1&#8243; columns_last_edited=&#8221;on|desktop&#8221; admin_label=&#8221;Supreme Masonry Gallery&#8221; _builder_version=&#8221;4.25.1&#8243; _module_preset=&#8221;default&#8221; locked=&#8221;off&#8221; global_colors_info=&#8221;{}&#8221;][\/dsm_masonry_gallery][\/et_pb_column][\/et_pb_row][et_pb_row column_structure=&#8221;1_2,1_2&#8243; _builder_version=&#8221;4.16&#8243; _module_preset=&#8221;default&#8221; global_colors_info=&#8221;{}&#8221;][et_pb_column type=&#8221;1_2&#8243; _builder_version=&#8221;4.16&#8243; _module_preset=&#8221;default&#8221; global_colors_info=&#8221;{}&#8221;][et_pb_code _builder_version=&#8221;4.25.1&#8243; _module_preset=&#8221;default&#8221; global_colors_info=&#8221;{}&#8221;]<script src=\"\/\/www.bentral.com\/service\/embed\/price-list.js?uid=5f54417a4d446b4d&#038;unit=5f54417a4d446b4d&#038;id=5f544d784e415f4d&#038;width=full&#038;lang=sl&#038;key=1d0e49d571f3cfd8503537d103435589\"><\/script>[\/et_pb_code][\/et_pb_column][et_pb_column type=&#8221;1_2&#8243; _builder_version=&#8221;4.16&#8243; _module_preset=&#8221;default&#8221; global_colors_info=&#8221;{}&#8221;][et_pb_code _builder_version=&#8221;4.25.1&#8243; _module_preset=&#8221;default&#8221; global_colors_info=&#8221;{}&#8221;]<script src=\"\/\/www.bentral.com\/service\/embed\/calendar.js?uid=5f54417a4d446b4d&#038;months=1&#038;last=true&#038;width=full&#038;lang=sl&#038;key=1d0e49d571f3cfd8503537d103435589\"><\/script>[\/et_pb_code][\/et_pb_column][\/et_pb_row][et_pb_row _builder_version=&#8221;4.16&#8243; _module_preset=&#8221;default&#8221; global_colors_info=&#8221;{}&#8221;][et_pb_column type=&#8221;4_4&#8243; _builder_version=&#8221;4.16&#8243; _module_preset=&#8221;default&#8221; global_colors_info=&#8221;{}&#8221;][et_pb_code _builder_version=&#8221;4.25.1&#8243; _module_preset=&#8221;default&#8221; global_colors_info=&#8221;{}&#8221;]<script src=\"\/\/www.bentral.com\/service\/embed\/booking.js?id=5f544d784e415f4d&#038;unit=5f54417a4d446b4d&#038;width=full&#038;lang=sl&#038;key=1d0e49d571f3cfd8503537d103435589\"><\/script>[\/et_pb_code][\/et_pb_column][\/et_pb_row][et_pb_row _builder_version=&#8221;4.16&#8243; background_size=&#8221;initial&#8221; background_position=&#8221;top_left&#8221; background_repeat=&#8221;repeat&#8221; global_colors_info=&#8221;{}&#8221;][et_pb_column type=&#8221;4_4&#8243; _builder_version=&#8221;4.16&#8243; custom_padding=&#8221;|||&#8221; global_colors_info=&#8221;{}&#8221; custom_padding__hover=&#8221;|||&#8221;][et_pb_text admin_label=&#8221;Text&#8221; _builder_version=&#8221;4.16&#8243; background_size=&#8221;initial&#8221; background_position=&#8221;top_left&#8221; background_repeat=&#8221;repeat&#8221; global_colors_info=&#8221;{}&#8221;]<iframe src=\"\/wp-content\/uploads\/kaps\/tour.html\" seamless width=\"1980px\" height =\"550px\"><\/iframe>[\/et_pb_text][\/et_pb_column][\/et_pb_row][\/et_pb_section]<\/p>\n","protected":false},"excerpt":{"rendered":"<p><div class=\"et_pb_module dsm_block_reveal_image dsm_block_reveal_image_0\">\n\t\t\t\t\n\t\t\t\t\n\t\t\t\t\n\t\t\t\t\n\t\t\t\t\n\t\t\t\t\n\t\t\t\t<div class=\"et_pb_module_inner\">\n\t\t\t\t\t<div class=\"dsm_block_reveal_image_wrapper\" >\n\t\t\t\t\n\t\t\t\t\n\t\t\t\t<span class=\"et_pb_image_wrap\" data-dsm-block-reveal-animation=\"lr\" data-dsm-block-reveal-color=\"#b7975e\" data-dsm-block-reveal-delay=\"0.1\" data-dsm-block-reveal-viewport=\"80%\"><img decoding=\"async\" src=\"https:\/\/www.penzion-kaps.si\/wp-content\/uploads\/2019\/11\/pension-logo.png\" alt=\"\" title=\"pension-logo\" srcset=\"https:\/\/www.penzion-kaps.si\/wp-content\/uploads\/2019\/11\/pension-logo.png 342w, https:\/\/www.penzion-kaps.si\/wp-content\/uploads\/2019\/11\/pension-logo-300x86.png 300w\" sizes=\"(max-width: 342px) 100vw, 342px\" \/><\/span>\n\t\t\t<\/div>\n\t\t\t\t<\/div>\n\t\t\t<\/div>Mala dvoposteljna sobaMala dvoposteljna soba Cca 15m2 Mo\u017enost otro\u0161ke posteljice Mo\u017enost dodatnega le\u017ei\u0161\u010da Tv Priklju\u010dek za Internet Klimatska naprava Sef Hladilnik Brezpla\u010dmo parkiri\u0161\u010de Brezpla\u010den internet Zajtrk vklju\u010den <div class=\"et_pb_module dsm_masonry_gallery dsm_masonry_gallery_0\">\n\t\t\t\t\n\t\t\t\t\n\t\t\t\t\n\t\t\t\t\n\t\t\t\t\n\t\t\t\t\n\t\t\t\t<div class=\"et_pb_module_inner\">\n\t\t\t\t\t<div class=\"dsm-gallery grid\" data-lightbox=\"true\" data-horizontalorder=\"true\">\n                <div class=\"grid-sizer\"><\/div><div class=\"gutter-sizer\"><\/div><div class=\"grid-item\">\n                    <a href=\"https:\/\/www.penzion-kaps.si\/wp-content\/uploads\/2024\/05\/Penzion-Kaps-Bled-Hodnik-1.jpg\"  data-title='Penzion Kaps Bled &#8211; Hodnik 1'  data-caption='' data-mfp-src=\"https:\/\/www.penzion-kaps.si\/wp-content\/uploads\/2024\/05\/Penzion-Kaps-Bled-Hodnik-1.jpg\">\n                        <div class=\"et_pb_image_wrap\">\n                            <img loading=\"lazy\" decoding=\"async\" src=\"https:\/\/www.penzion-kaps.si\/wp-content\/uploads\/2024\/05\/Penzion-Kaps-Bled-Hodnik-1.jpg\" title=\"Penzion Kaps Bled &#8211; Hodnik 1\" alt=\"\" class=\"dsm-skip-lazyload\" srcset=\"https:\/\/www.penzion-kaps.si\/wp-content\/uploads\/2024\/05\/Penzion-Kaps-Bled-Hodnik-1.jpg 1080w, https:\/\/www.penzion-kaps.si\/wp-content\/uploads\/2024\/05\/Penzion-Kaps-Bled-Hodnik-1-980x653.jpg 980w, https:\/\/www.penzion-kaps.si\/wp-content\/uploads\/2024\/05\/Penzion-Kaps-Bled-Hodnik-1-480x320.jpg 480w\" sizes=\"(min-width: 0px) and (max-width: 480px) 480px, (min-width: 481px) and (max-width: 980px) 980px, (min-width: 981px) 1080px, 100vw\" width=\"1080\" height=\"720\" \/>\n                            \n                        <\/div>\n                    <\/a>\n                <\/div><div class=\"grid-item\">\n                    <a href=\"https:\/\/www.penzion-kaps.si\/wp-content\/uploads\/2024\/05\/Penzion-Kaps-Bled-Hodnik-2.jpg\"  data-title='Penzion Kaps Bled &#8211; Hodnik 2'  data-caption='' data-mfp-src=\"https:\/\/www.penzion-kaps.si\/wp-content\/uploads\/2024\/05\/Penzion-Kaps-Bled-Hodnik-2.jpg\">\n                        <div class=\"et_pb_image_wrap\">\n                            <img loading=\"lazy\" decoding=\"async\" src=\"https:\/\/www.penzion-kaps.si\/wp-content\/uploads\/2024\/05\/Penzion-Kaps-Bled-Hodnik-2.jpg\" title=\"Penzion Kaps Bled &#8211; Hodnik 2\" alt=\"\" class=\"dsm-skip-lazyload\" srcset=\"https:\/\/www.penzion-kaps.si\/wp-content\/uploads\/2024\/05\/Penzion-Kaps-Bled-Hodnik-2.jpg 1080w, https:\/\/www.penzion-kaps.si\/wp-content\/uploads\/2024\/05\/Penzion-Kaps-Bled-Hodnik-2-980x653.jpg 980w, https:\/\/www.penzion-kaps.si\/wp-content\/uploads\/2024\/05\/Penzion-Kaps-Bled-Hodnik-2-480x320.jpg 480w\" sizes=\"(min-width: 0px) and (max-width: 480px) 480px, (min-width: 481px) and (max-width: 980px) 980px, (min-width: 981px) 1080px, 100vw\" width=\"1080\" height=\"720\" \/>\n                            \n                        <\/div>\n                    <\/a>\n                <\/div><div class=\"grid-item\">\n                    <a href=\"https:\/\/www.penzion-kaps.si\/wp-content\/uploads\/2024\/05\/Penzion-Kaps-Bled-Hodnik-3.jpg\"  data-title='Penzion Kaps Bled &#8211; Hodnik 3'  data-caption='' data-mfp-src=\"https:\/\/www.penzion-kaps.si\/wp-content\/uploads\/2024\/05\/Penzion-Kaps-Bled-Hodnik-3.jpg\">\n                        <div class=\"et_pb_image_wrap\">\n                            <img loading=\"lazy\" decoding=\"async\" src=\"https:\/\/www.penzion-kaps.si\/wp-content\/uploads\/2024\/05\/Penzion-Kaps-Bled-Hodnik-3.jpg\" title=\"Penzion Kaps Bled &#8211; Hodnik 3\" alt=\"\" class=\"dsm-skip-lazyload\" srcset=\"https:\/\/www.penzion-kaps.si\/wp-content\/uploads\/2024\/05\/Penzion-Kaps-Bled-Hodnik-3.jpg 1080w, https:\/\/www.penzion-kaps.si\/wp-content\/uploads\/2024\/05\/Penzion-Kaps-Bled-Hodnik-3-980x653.jpg 980w, https:\/\/www.penzion-kaps.si\/wp-content\/uploads\/2024\/05\/Penzion-Kaps-Bled-Hodnik-3-480x320.jpg 480w\" sizes=\"(min-width: 0px) and (max-width: 480px) 480px, (min-width: 481px) and (max-width: 980px) 980px, (min-width: 981px) 1080px, 100vw\" width=\"1080\" height=\"720\" \/>\n                            \n                        <\/div>\n                    <\/a>\n                <\/div><div class=\"grid-item\">\n                    <a href=\"https:\/\/www.penzion-kaps.si\/wp-content\/uploads\/2024\/05\/Penzion-Kaps-Bled-Mala-dvoposteljna-soba-1.jpg\"  data-title='Penzion Kaps Bled &#8211; Mala dvoposteljna soba 1'  data-caption='' data-mfp-src=\"https:\/\/www.penzion-kaps.si\/wp-content\/uploads\/2024\/05\/Penzion-Kaps-Bled-Mala-dvoposteljna-soba-1.jpg\">\n                        <div class=\"et_pb_image_wrap\">\n                            <img loading=\"lazy\" decoding=\"async\" src=\"https:\/\/www.penzion-kaps.si\/wp-content\/uploads\/2024\/05\/Penzion-Kaps-Bled-Mala-dvoposteljna-soba-1.jpg\" title=\"Penzion Kaps Bled &#8211; Mala dvoposteljna soba 1\" alt=\"\" class=\"dsm-skip-lazyload\" srcset=\"https:\/\/www.penzion-kaps.si\/wp-content\/uploads\/2024\/05\/Penzion-Kaps-Bled-Mala-dvoposteljna-soba-1.jpg 1079w, https:\/\/www.penzion-kaps.si\/wp-content\/uploads\/2024\/05\/Penzion-Kaps-Bled-Mala-dvoposteljna-soba-1-980x654.jpg 980w, https:\/\/www.penzion-kaps.si\/wp-content\/uploads\/2024\/05\/Penzion-Kaps-Bled-Mala-dvoposteljna-soba-1-480x320.jpg 480w\" sizes=\"(min-width: 0px) and (max-width: 480px) 480px, (min-width: 481px) and (max-width: 980px) 980px, (min-width: 981px) 1079px, 100vw\" width=\"1079\" height=\"720\" \/>\n                            \n                        <\/div>\n                    <\/a>\n                <\/div><div class=\"grid-item\">\n                    <a href=\"https:\/\/www.penzion-kaps.si\/wp-content\/uploads\/2024\/05\/Penzion-Kaps-Bled-Mala-dvoposteljna-soba-2.jpg\"  data-title='Penzion Kaps Bled &#8211; Mala dvoposteljna soba 2'  data-caption='' data-mfp-src=\"https:\/\/www.penzion-kaps.si\/wp-content\/uploads\/2024\/05\/Penzion-Kaps-Bled-Mala-dvoposteljna-soba-2.jpg\">\n                        <div class=\"et_pb_image_wrap\">\n                            <img loading=\"lazy\" decoding=\"async\" src=\"https:\/\/www.penzion-kaps.si\/wp-content\/uploads\/2024\/05\/Penzion-Kaps-Bled-Mala-dvoposteljna-soba-2.jpg\" title=\"Penzion Kaps Bled &#8211; Mala dvoposteljna soba 2\" alt=\"\" class=\"dsm-skip-lazyload\" srcset=\"https:\/\/www.penzion-kaps.si\/wp-content\/uploads\/2024\/05\/Penzion-Kaps-Bled-Mala-dvoposteljna-soba-2.jpg 1080w, https:\/\/www.penzion-kaps.si\/wp-content\/uploads\/2024\/05\/Penzion-Kaps-Bled-Mala-dvoposteljna-soba-2-980x653.jpg 980w, https:\/\/www.penzion-kaps.si\/wp-content\/uploads\/2024\/05\/Penzion-Kaps-Bled-Mala-dvoposteljna-soba-2-480x320.jpg 480w\" sizes=\"(min-width: 0px) and (max-width: 480px) 480px, (min-width: 481px) and (max-width: 980px) 980px, (min-width: 981px) 1080px, 100vw\" width=\"1080\" height=\"720\" \/>\n                            \n                        <\/div>\n                    <\/a>\n                <\/div><div class=\"grid-item\">\n                    <a href=\"https:\/\/www.penzion-kaps.si\/wp-content\/uploads\/2024\/05\/Penzion-Kaps-Bled-Mala-dvoposteljna-soba-3.jpg\"  data-title='Penzion Kaps Bled &#8211; Mala dvoposteljna soba 3'  data-caption='' data-mfp-src=\"https:\/\/www.penzion-kaps.si\/wp-content\/uploads\/2024\/05\/Penzion-Kaps-Bled-Mala-dvoposteljna-soba-3.jpg\">\n                        <div class=\"et_pb_image_wrap\">\n                            <img loading=\"lazy\" decoding=\"async\" src=\"https:\/\/www.penzion-kaps.si\/wp-content\/uploads\/2024\/05\/Penzion-Kaps-Bled-Mala-dvoposteljna-soba-3.jpg\" title=\"Penzion Kaps Bled &#8211; Mala dvoposteljna soba 3\" alt=\"\" class=\"dsm-skip-lazyload\" srcset=\"https:\/\/www.penzion-kaps.si\/wp-content\/uploads\/2024\/05\/Penzion-Kaps-Bled-Mala-dvoposteljna-soba-3.jpg 1080w, https:\/\/www.penzion-kaps.si\/wp-content\/uploads\/2024\/05\/Penzion-Kaps-Bled-Mala-dvoposteljna-soba-3-980x653.jpg 980w, https:\/\/www.penzion-kaps.si\/wp-content\/uploads\/2024\/05\/Penzion-Kaps-Bled-Mala-dvoposteljna-soba-3-480x320.jpg 480w\" sizes=\"(min-width: 0px) and (max-width: 480px) 480px, (min-width: 481px) and (max-width: 980px) 980px, (min-width: 981px) 1080px, 100vw\" width=\"1080\" height=\"720\" \/>\n                            \n                        <\/div>\n                    <\/a>\n                <\/div><div class=\"grid-item\">\n                    <a href=\"https:\/\/www.penzion-kaps.si\/wp-content\/uploads\/2024\/05\/Penzion-Kaps-Bled-Mala-dvoposteljna-soba-4.jpg\"  data-title='Penzion Kaps Bled &#8211; Mala dvoposteljna soba 4'  data-caption='' data-mfp-src=\"https:\/\/www.penzion-kaps.si\/wp-content\/uploads\/2024\/05\/Penzion-Kaps-Bled-Mala-dvoposteljna-soba-4.jpg\">\n                        <div class=\"et_pb_image_wrap\">\n                            <img loading=\"lazy\" decoding=\"async\" src=\"https:\/\/www.penzion-kaps.si\/wp-content\/uploads\/2024\/05\/Penzion-Kaps-Bled-Mala-dvoposteljna-soba-4.jpg\" title=\"Penzion Kaps Bled &#8211; Mala dvoposteljna soba 4\" alt=\"\" class=\"dsm-skip-lazyload\" srcset=\"https:\/\/www.penzion-kaps.si\/wp-content\/uploads\/2024\/05\/Penzion-Kaps-Bled-Mala-dvoposteljna-soba-4.jpg 1080w, https:\/\/www.penzion-kaps.si\/wp-content\/uploads\/2024\/05\/Penzion-Kaps-Bled-Mala-dvoposteljna-soba-4-980x653.jpg 980w, https:\/\/www.penzion-kaps.si\/wp-content\/uploads\/2024\/05\/Penzion-Kaps-Bled-Mala-dvoposteljna-soba-4-480x320.jpg 480w\" sizes=\"(min-width: 0px) and (max-width: 480px) 480px, (min-width: 481px) and (max-width: 980px) 980px, (min-width: 981px) 1080px, 100vw\" width=\"1080\" height=\"720\" \/>\n                            \n                        <\/div>\n                    <\/a>\n                <\/div><div class=\"grid-item\">\n                    <a href=\"https:\/\/www.penzion-kaps.si\/wp-content\/uploads\/2024\/05\/Penzion-Kaps-Bled-Mala-dvoposteljna-soba-5.jpg\"  data-title='Penzion Kaps Bled &#8211; Mala dvoposteljna soba 5'  data-caption='' data-mfp-src=\"https:\/\/www.penzion-kaps.si\/wp-content\/uploads\/2024\/05\/Penzion-Kaps-Bled-Mala-dvoposteljna-soba-5.jpg\">\n                        <div class=\"et_pb_image_wrap\">\n                            <img loading=\"lazy\" decoding=\"async\" src=\"https:\/\/www.penzion-kaps.si\/wp-content\/uploads\/2024\/05\/Penzion-Kaps-Bled-Mala-dvoposteljna-soba-5.jpg\" title=\"Penzion Kaps Bled &#8211; Mala dvoposteljna soba 5\" alt=\"\" class=\"dsm-skip-lazyload\" srcset=\"https:\/\/www.penzion-kaps.si\/wp-content\/uploads\/2024\/05\/Penzion-Kaps-Bled-Mala-dvoposteljna-soba-5.jpg 1080w, https:\/\/www.penzion-kaps.si\/wp-content\/uploads\/2024\/05\/Penzion-Kaps-Bled-Mala-dvoposteljna-soba-5-980x653.jpg 980w, https:\/\/www.penzion-kaps.si\/wp-content\/uploads\/2024\/05\/Penzion-Kaps-Bled-Mala-dvoposteljna-soba-5-480x320.jpg 480w\" sizes=\"(min-width: 0px) and (max-width: 480px) 480px, (min-width: 481px) and (max-width: 980px) 980px, (min-width: 981px) 1080px, 100vw\" width=\"1080\" height=\"720\" \/>\n                            \n                        <\/div>\n                    <\/a>\n                <\/div><div class=\"grid-item\">\n                    <a href=\"https:\/\/www.penzion-kaps.si\/wp-content\/uploads\/2024\/05\/Penzion-Kaps-Bled-Mala-dvoposteljna-soba-6.jpg\"  data-title='Penzion Kaps Bled &#8211; Mala dvoposteljna soba 6'  data-caption='' data-mfp-src=\"https:\/\/www.penzion-kaps.si\/wp-content\/uploads\/2024\/05\/Penzion-Kaps-Bled-Mala-dvoposteljna-soba-6.jpg\">\n                        <div class=\"et_pb_image_wrap\">\n                            <img loading=\"lazy\" decoding=\"async\" src=\"https:\/\/www.penzion-kaps.si\/wp-content\/uploads\/2024\/05\/Penzion-Kaps-Bled-Mala-dvoposteljna-soba-6.jpg\" title=\"Penzion Kaps Bled &#8211; Mala dvoposteljna soba 6\" alt=\"\" class=\"dsm-skip-lazyload\" srcset=\"https:\/\/www.penzion-kaps.si\/wp-content\/uploads\/2024\/05\/Penzion-Kaps-Bled-Mala-dvoposteljna-soba-6.jpg 1080w, https:\/\/www.penzion-kaps.si\/wp-content\/uploads\/2024\/05\/Penzion-Kaps-Bled-Mala-dvoposteljna-soba-6-980x653.jpg 980w, https:\/\/www.penzion-kaps.si\/wp-content\/uploads\/2024\/05\/Penzion-Kaps-Bled-Mala-dvoposteljna-soba-6-480x320.jpg 480w\" sizes=\"(min-width: 0px) and (max-width: 480px) 480px, (min-width: 481px) and (max-width: 980px) 980px, (min-width: 981px) 1080px, 100vw\" width=\"1080\" height=\"720\" \/>\n                            \n                        <\/div>\n                    <\/a>\n                <\/div><div class=\"grid-item\">\n                    <a href=\"https:\/\/www.penzion-kaps.si\/wp-content\/uploads\/2024\/05\/Penzion-Kaps-Bled-Mala-dvoposteljna-soba-7.jpg\"  data-title='Penzion Kaps Bled &#8211; Mala dvoposteljna soba 7'  data-caption='' data-mfp-src=\"https:\/\/www.penzion-kaps.si\/wp-content\/uploads\/2024\/05\/Penzion-Kaps-Bled-Mala-dvoposteljna-soba-7.jpg\">\n                        <div class=\"et_pb_image_wrap\">\n                            <img loading=\"lazy\" decoding=\"async\" src=\"https:\/\/www.penzion-kaps.si\/wp-content\/uploads\/2024\/05\/Penzion-Kaps-Bled-Mala-dvoposteljna-soba-7.jpg\" title=\"Penzion Kaps Bled &#8211; Mala dvoposteljna soba 7\" alt=\"\" class=\"dsm-skip-lazyload\" srcset=\"https:\/\/www.penzion-kaps.si\/wp-content\/uploads\/2024\/05\/Penzion-Kaps-Bled-Mala-dvoposteljna-soba-7.jpg 1080w, https:\/\/www.penzion-kaps.si\/wp-content\/uploads\/2024\/05\/Penzion-Kaps-Bled-Mala-dvoposteljna-soba-7-980x653.jpg 980w, https:\/\/www.penzion-kaps.si\/wp-content\/uploads\/2024\/05\/Penzion-Kaps-Bled-Mala-dvoposteljna-soba-7-480x320.jpg 480w\" sizes=\"(min-width: 0px) and (max-width: 480px) 480px, (min-width: 481px) and (max-width: 980px) 980px, (min-width: 981px) 1080px, 100vw\" width=\"1080\" height=\"720\" \/>\n                            \n                        <\/div>\n                    <\/a>\n                <\/div>\n             <\/div>\n\t\t\t\t<\/div>\n\t\t\t<\/div>[panoembed]\/wp-content\/uploads\/kaps\/tour.html[\/panoembed]<\/p>\n","protected":false},"author":1,"featured_media":5442,"parent":2353,"menu_order":6,"comment_status":"closed","ping_status":"closed","template":"","meta":{"_et_pb_use_builder":"on","_et_pb_old_content":"","_et_gb_content_width":"","footnotes":""},"class_list":["post-4339","page","type-page","status-publish","has-post-thumbnail","hentry"],"aioseo_notices":[],"_links":{"self":[{"href":"https:\/\/www.penzion-kaps.si\/sl\/wp-json\/wp\/v2\/pages\/4339"}],"collection":[{"href":"https:\/\/www.penzion-kaps.si\/sl\/wp-json\/wp\/v2\/pages"}],"about":[{"href":"https:\/\/www.penzion-kaps.si\/sl\/wp-json\/wp\/v2\/types\/page"}],"author":[{"embeddable":true,"href":"https:\/\/www.penzion-kaps.si\/sl\/wp-json\/wp\/v2\/users\/1"}],"replies":[{"embeddable":true,"href":"https:\/\/www.penzion-kaps.si\/sl\/wp-json\/wp\/v2\/comments?post=4339"}],"version-history":[{"count":14,"href":"https:\/\/www.penzion-kaps.si\/sl\/wp-json\/wp\/v2\/pages\/4339\/revisions"}],"predecessor-version":[{"id":5755,"href":"https:\/\/www.penzion-kaps.si\/sl\/wp-json\/wp\/v2\/pages\/4339\/revisions\/5755"}],"up":[{"embeddable":true,"href":"https:\/\/www.penzion-kaps.si\/sl\/wp-json\/wp\/v2\/pages\/2353"}],"wp:featuredmedia":[{"embeddable":true,"href":"https:\/\/www.penzion-kaps.si\/sl\/wp-json\/wp\/v2\/media\/5442"}],"wp:attachment":[{"href":"https:\/\/www.penzion-kaps.si\/sl\/wp-json\/wp\/v2\/media?parent=4339"}],"curies":[{"name":"wp","href":"https:\/\/api.w.org\/{rel}","templated":true}]}}