{"id":4206,"date":"2021-02-25T08:55:49","date_gmt":"2021-02-25T07:55:49","guid":{"rendered":"https:\/\/www.penzion-kaps.si\/zimmer\/comfort-dvoposteljna-soba-z-balkonom\/"},"modified":"2024-10-10T11:39:16","modified_gmt":"2024-10-10T10:39:16","slug":"komfort-doppelzimmer-mit-balkon","status":"publish","type":"page","link":"https:\/\/www.penzion-kaps.si\/de\/zimmer\/komfort-doppelzimmer-mit-balkon\/","title":{"rendered":"Komfort Doppelzimmer mit Balkon"},"content":{"rendered":"<p>[et_pb_section fb_built=&#8220;1&#8243; _builder_version=&#8220;4.16&#8243; _module_preset=&#8220;default&#8220; background_enable_color=&#8220;off&#8220; background_image=&#8220;https:\/\/www.penzion-kaps.si\/wp-content\/uploads\/2021\/02\/background-texture-petrol-1.png&#8220; background_size=&#8220;initial&#8220; background_repeat=&#8220;repeat&#8220; transparent_background=&#8220;off&#8220; global_colors_info=&#8220;{}&#8220;][et_pb_row _builder_version=&#8220;4.16&#8243; _module_preset=&#8220;default&#8220; background_size=&#8220;initial&#8220; background_position=&#8220;top_left&#8220; background_repeat=&#8220;repeat&#8220; global_colors_info=&#8220;{}&#8220;][et_pb_column type=&#8220;4_4&#8243; _builder_version=&#8220;4.16&#8243; _module_preset=&#8220;default&#8220; custom_padding=&#8220;|||&#8220; global_colors_info=&#8220;{}&#8220; custom_padding__hover=&#8220;|||&#8220;][dsm_block_reveal_image src=&#8220;https:\/\/www.penzion-kaps.si\/wp-content\/uploads\/2019\/11\/pension-logo.png&#8220; title_text=&#8220;pension-logo&#8220; align=&#8220;center&#8220; _builder_version=&#8220;4.16&#8243; _module_preset=&#8220;default&#8220; global_colors_info=&#8220;{}&#8220;][\/dsm_block_reveal_image][et_pb_text admin_label=&#8220;Text&#8220; _builder_version=&#8220;4.16&#8243; _module_preset=&#8220;default&#8220; background_size=&#8220;initial&#8220; background_position=&#8220;top_left&#8220; background_repeat=&#8220;repeat&#8220; global_colors_info=&#8220;{}&#8220;]<\/p>\n<h1 style=\"text-align: center;\">Komfort Doppelzimmer mit Balkon<\/h1>\n<p>[\/et_pb_text][et_pb_image src=&#8220;https:\/\/www.penzion-kaps.si\/wp-content\/uploads\/2014\/10\/02A72501.jpg&#8220; align_tablet=&#8220;center&#8220; align_phone=&#8220;&#8220; align_last_edited=&#8220;on|desktop&#8220; admin_label=&#8220;Image&#8220; _builder_version=&#8220;4.16&#8243; _module_preset=&#8220;default&#8220; animation_style=&#8220;slide&#8220; animation_direction=&#8220;left&#8220; animation_duration=&#8220;500ms&#8220; animation_intensity_slide=&#8220;10%&#8220; animation=&#8220;left&#8220; sticky=&#8220;off&#8220; global_colors_info=&#8220;{}&#8220;][\/et_pb_image][\/et_pb_column][\/et_pb_row][et_pb_row column_structure=&#8220;2_5,3_5&#8243; _builder_version=&#8220;4.16&#8243; _module_preset=&#8220;default&#8220; background_size=&#8220;initial&#8220; background_position=&#8220;top_left&#8220; background_repeat=&#8220;repeat&#8220; global_colors_info=&#8220;{}&#8220;][et_pb_column type=&#8220;2_5&#8243; _builder_version=&#8220;4.16&#8243; _module_preset=&#8220;default&#8220; custom_padding=&#8220;|||&#8220; global_colors_info=&#8220;{}&#8220; custom_padding__hover=&#8220;|||&#8220;][et_pb_text admin_label=&#8220;Text&#8220; _builder_version=&#8220;4.16&#8243; _module_preset=&#8220;default&#8220; background_size=&#8220;initial&#8220; background_position=&#8220;top_left&#8220; background_repeat=&#8220;repeat&#8220; global_colors_info=&#8220;{}&#8220;]<\/p>\n<h3><em><strong>Komfort Doppelzimmer mit Balkon<\/strong><\/em><\/h3>\n<ul>\n<li>Ca. 25 m2<\/li>\n<li>M\u00f6glichkeit eines Kinderbetts<\/li>\n<li>M\u00f6glichkeit eines Zustellbettes<\/li>\n<li>Balkon<\/li>\n<li>Fernsehen<\/li>\n<li>Internetverbindung<\/li>\n<li>Klima<\/li>\n<li>Digitaler Safe<\/li>\n<li>K\u00fchlschrank<\/li>\n<li>Gratis Parkpl\u00e4tze<\/li>\n<li>Freies Internet<\/li>\n<li><strong>Fr\u00fchst\u00fcck inkludiert<\/strong><\/li>\n<\/ul>\n<p>[\/et_pb_text][et_pb_text admin_label=&#8220;Text&#8220; _builder_version=&#8220;4.27.2&#8243; _module_preset=&#8220;default&#8220; background_size=&#8220;initial&#8220; background_position=&#8220;top_left&#8220; background_repeat=&#8220;repeat&#8220; hover_enabled=&#8220;0&#8243; global_colors_info=&#8220;{}&#8220; sticky_enabled=&#8220;0&#8243; locked=&#8220;off&#8220;]\n\t\t<style type=\"text\/css\">\n\t\t\t#gallery-1 {\n\t\t\t\tmargin: auto;\n\t\t\t}\n\t\t\t#gallery-1 .gallery-item {\n\t\t\t\tfloat: left;\n\t\t\t\tmargin-top: 10px;\n\t\t\t\ttext-align: center;\n\t\t\t\twidth: 12%;\n\t\t\t}\n\t\t\t#gallery-1 img {\n\t\t\t\tborder: 2px solid #cfcfcf;\n\t\t\t}\n\t\t\t#gallery-1 .gallery-caption {\n\t\t\t\tmargin-left: 0;\n\t\t\t}\n\t\t\t\/* see gallery_shortcode() in wp-includes\/media.php *\/\n\t\t<\/style>\n\t\t<div id='gallery-1' class='gallery galleryid-4206 gallery-columns-8 gallery-size-thumbnail'><dl class='gallery-item'>\n\t\t\t<dt class='gallery-icon landscape'>\n\t\t\t\t<img loading=\"lazy\" decoding=\"async\" width=\"32\" height=\"32\" src=\"https:\/\/www.penzion-kaps.si\/wp-content\/uploads\/2014\/10\/parking19.png\" class=\"attachment-thumbnail size-thumbnail\" alt=\"\" \/>\n\t\t\t<\/dt><\/dl><dl class='gallery-item'>\n\t\t\t<dt class='gallery-icon landscape'>\n\t\t\t\t<img loading=\"lazy\" decoding=\"async\" width=\"32\" height=\"32\" src=\"https:\/\/www.penzion-kaps.si\/wp-content\/uploads\/2014\/10\/minisplit.png\" class=\"attachment-thumbnail size-thumbnail\" alt=\"\" \/>\n\t\t\t<\/dt><\/dl><dl class='gallery-item'>\n\t\t\t<dt class='gallery-icon landscape'>\n\t\t\t\t<img loading=\"lazy\" decoding=\"async\" width=\"32\" height=\"32\" src=\"https:\/\/www.penzion-kaps.si\/wp-content\/uploads\/2014\/10\/balcony.png\" class=\"attachment-thumbnail size-thumbnail\" alt=\"\" \/>\n\t\t\t<\/dt><\/dl><dl class='gallery-item'>\n\t\t\t<dt class='gallery-icon landscape'>\n\t\t\t\t<img loading=\"lazy\" decoding=\"async\" width=\"32\" height=\"32\" src=\"https:\/\/www.penzion-kaps.si\/wp-content\/uploads\/2014\/10\/tv27.png\" class=\"attachment-thumbnail size-thumbnail\" alt=\"\" \/>\n\t\t\t<\/dt><\/dl><dl class='gallery-item'>\n\t\t\t<dt class='gallery-icon landscape'>\n\t\t\t\t<img loading=\"lazy\" decoding=\"async\" width=\"32\" height=\"32\" src=\"https:\/\/www.penzion-kaps.si\/wp-content\/uploads\/2014\/10\/safe12.png\" class=\"attachment-thumbnail size-thumbnail\" alt=\"\" \/>\n\t\t\t<\/dt><\/dl><dl class='gallery-item'>\n\t\t\t<dt class='gallery-icon landscape'>\n\t\t\t\t<img loading=\"lazy\" decoding=\"async\" width=\"32\" height=\"31\" src=\"https:\/\/www.penzion-kaps.si\/wp-content\/uploads\/2014\/10\/regular2.png\" class=\"attachment-thumbnail size-thumbnail\" alt=\"\" \/>\n\t\t\t<\/dt><\/dl><dl class='gallery-item'>\n\t\t\t<dt class='gallery-icon landscape'>\n\t\t\t\t<img loading=\"lazy\" decoding=\"async\" width=\"32\" height=\"32\" src=\"https:\/\/www.penzion-kaps.si\/wp-content\/uploads\/2014\/10\/computer170.png\" class=\"attachment-thumbnail size-thumbnail\" alt=\"\" \/>\n\t\t\t<\/dt><\/dl><dl class='gallery-item'>\n\t\t\t<dt class='gallery-icon landscape'>\n\t\t\t\t<img loading=\"lazy\" decoding=\"async\" width=\"32\" height=\"32\" src=\"https:\/\/www.penzion-kaps.si\/wp-content\/uploads\/2014\/10\/breakfast1.png\" class=\"attachment-thumbnail size-thumbnail\" alt=\"\" \/>\n\t\t\t<\/dt><\/dl><br style=\"clear: both\" \/>\n\t\t<\/div>\n[\/et_pb_text][\/et_pb_column][et_pb_column type=&#8220;3_5&#8243; _builder_version=&#8220;4.16&#8243; _module_preset=&#8220;default&#8220; custom_padding=&#8220;|||&#8220; global_colors_info=&#8220;{}&#8220; custom_padding__hover=&#8220;|||&#8220;][dsm_masonry_gallery gallery_ids=&#8220;5031,5039,5043,5047,5051,5055,5059&#8243; use_lightbox=&#8220;on&#8220; use_zoom_on_hover=&#8220;on&#8220; _builder_version=&#8220;4.16&#8243; _module_preset=&#8220;default&#8220; locked=&#8220;off&#8220; global_colors_info=&#8220;{}&#8220;][\/dsm_masonry_gallery][\/et_pb_column][\/et_pb_row][et_pb_row column_structure=&#8220;1_2,1_2&#8243; _builder_version=&#8220;4.16&#8243; _module_preset=&#8220;default&#8220; global_colors_info=&#8220;{}&#8220;][et_pb_column type=&#8220;1_2&#8243; _builder_version=&#8220;4.16&#8243; _module_preset=&#8220;default&#8220; global_colors_info=&#8220;{}&#8220;][et_pb_code _builder_version=&#8220;4.16&#8243; _module_preset=&#8220;default&#8220; global_colors_info=&#8220;{}&#8220;]<script src=\"\/\/www.bentral.com\/service\/embed\/price-list.js?uid=5f7a63324d415f4d&#038;id=5f544d784e415f4d&#038;width=full&#038;poweredby=0&#038;lang=de&#038;key=1d0e49d571f3cfd8503537d103435589\"><\/script>[\/et_pb_code][\/et_pb_column][et_pb_column type=&#8220;1_2&#8243; _builder_version=&#8220;4.16&#8243; _module_preset=&#8220;default&#8220; global_colors_info=&#8220;{}&#8220;][et_pb_code _builder_version=&#8220;4.16&#8243; _module_preset=&#8220;default&#8220; global_colors_info=&#8220;{}&#8220;]<script src=\"\/\/www.bentral.com\/service\/embed\/calendar.js?uid=5f7a63324d415f4d&#038;months=2&#038;last=true&#038;width=full&#038;poweredby=0&#038;lang=de&#038;key=1d0e49d571f3cfd8503537d103435589\"><\/script>[\/et_pb_code][\/et_pb_column][\/et_pb_row][et_pb_row _builder_version=&#8220;4.16&#8243; _module_preset=&#8220;default&#8220; global_colors_info=&#8220;{}&#8220;][et_pb_column type=&#8220;4_4&#8243; _builder_version=&#8220;4.16&#8243; _module_preset=&#8220;default&#8220; global_colors_info=&#8220;{}&#8220;][et_pb_code _builder_version=&#8220;4.16&#8243; _module_preset=&#8220;default&#8220; global_colors_info=&#8220;{}&#8220;]<script src=\"\/\/www.bentral.com\/service\/embed\/booking.js?id=5f544d784e415f4d&#038;unit=5f7a63324d415f4d&#038;title=1&#038;width=full&#038;poweredby=0&#038;lang=de&#038;key=1d0e49d571f3cfd8503537d103435589\"><\/script>[\/et_pb_code][\/et_pb_column][\/et_pb_row][et_pb_row _builder_version=&#8220;4.16&#8243; _module_preset=&#8220;default&#8220; background_size=&#8220;initial&#8220; background_position=&#8220;top_left&#8220; background_repeat=&#8220;repeat&#8220; global_colors_info=&#8220;{}&#8220;][et_pb_column type=&#8220;4_4&#8243; _builder_version=&#8220;4.16&#8243; _module_preset=&#8220;default&#8220; custom_padding=&#8220;|||&#8220; global_colors_info=&#8220;{}&#8220; custom_padding__hover=&#8220;|||&#8220;][et_pb_text admin_label=&#8220;Text&#8220; _builder_version=&#8220;4.16&#8243; _module_preset=&#8220;default&#8220; background_size=&#8220;initial&#8220; background_position=&#8220;top_left&#8220; background_repeat=&#8220;repeat&#8220; global_colors_info=&#8220;{}&#8220;]<iframe src=\"\/wp-content\/uploads\/kaps\/tour.html\" seamless width=\"1980px\" height =\"550px\"><\/iframe>[\/et_pb_text][\/et_pb_column][\/et_pb_row][\/et_pb_section]<\/p>\n","protected":false},"excerpt":{"rendered":"<p><div class=\"et_pb_module dsm_block_reveal_image dsm_block_reveal_image_0\">\n\t\t\t\t\n\t\t\t\t\n\t\t\t\t\n\t\t\t\t\n\t\t\t\t\n\t\t\t\t\n\t\t\t\t<div class=\"et_pb_module_inner\">\n\t\t\t\t\t<div class=\"dsm_block_reveal_image_wrapper\" >\n\t\t\t\t\n\t\t\t\t\n\t\t\t\t<span class=\"et_pb_image_wrap\" data-dsm-block-reveal-animation=\"lr\" data-dsm-block-reveal-color=\"#b7975e\" data-dsm-block-reveal-delay=\"0.1\" data-dsm-block-reveal-viewport=\"80%\"><img decoding=\"async\" src=\"https:\/\/www.penzion-kaps.si\/wp-content\/uploads\/2019\/11\/pension-logo.png\" alt=\"\" title=\"pension-logo\" srcset=\"https:\/\/www.penzion-kaps.si\/wp-content\/uploads\/2019\/11\/pension-logo.png 342w, https:\/\/www.penzion-kaps.si\/wp-content\/uploads\/2019\/11\/pension-logo-300x86.png 300w\" sizes=\"(max-width: 342px) 100vw, 342px\" \/><\/span>\n\t\t\t<\/div>\n\t\t\t\t<\/div>\n\t\t\t<\/div>Komfort Doppelzimmer mit BalkonKomfort Doppelzimmer mit Balkon Ca. 25 m2 M\u00f6glichkeit eines Kinderbetts M\u00f6glichkeit eines Zustellbettes Balkon Fernsehen Internetverbindung Klima Digitaler Safe K\u00fchlschrank Gratis Parkpl\u00e4tze Freies Internet Fr\u00fchst\u00fcck inkludiert \n\t\t<style type=\"text\/css\">\n\t\t\t#gallery-2 {\n\t\t\t\tmargin: auto;\n\t\t\t}\n\t\t\t#gallery-2 .gallery-item {\n\t\t\t\tfloat: left;\n\t\t\t\tmargin-top: 10px;\n\t\t\t\ttext-align: center;\n\t\t\t\twidth: 12%;\n\t\t\t}\n\t\t\t#gallery-2 img {\n\t\t\t\tborder: 2px solid #cfcfcf;\n\t\t\t}\n\t\t\t#gallery-2 .gallery-caption {\n\t\t\t\tmargin-left: 0;\n\t\t\t}\n\t\t\t\/* see gallery_shortcode() in wp-includes\/media.php *\/\n\t\t<\/style>\n\t\t<div id='gallery-2' class='gallery galleryid-4206 gallery-columns-8 gallery-size-thumbnail'><dl class='gallery-item'>\n\t\t\t<dt class='gallery-icon landscape'>\n\t\t\t\t<img width=\"32\" height=\"32\" src=\"https:\/\/www.penzion-kaps.si\/wp-content\/uploads\/2014\/10\/parking19.png\" class=\"attachment-thumbnail size-thumbnail\" alt=\"\" decoding=\"async\" loading=\"lazy\" \/>\n\t\t\t<\/dt><\/dl><dl class='gallery-item'>\n\t\t\t<dt class='gallery-icon landscape'>\n\t\t\t\t<img width=\"32\" height=\"32\" src=\"https:\/\/www.penzion-kaps.si\/wp-content\/uploads\/2014\/10\/minisplit.png\" class=\"attachment-thumbnail size-thumbnail\" alt=\"\" decoding=\"async\" loading=\"lazy\" \/>\n\t\t\t<\/dt><\/dl><dl class='gallery-item'>\n\t\t\t<dt class='gallery-icon landscape'>\n\t\t\t\t<img width=\"32\" height=\"32\" src=\"https:\/\/www.penzion-kaps.si\/wp-content\/uploads\/2014\/10\/balcony.png\" class=\"attachment-thumbnail size-thumbnail\" alt=\"\" decoding=\"async\" loading=\"lazy\" \/>\n\t\t\t<\/dt><\/dl><dl class='gallery-item'>\n\t\t\t<dt class='gallery-icon landscape'>\n\t\t\t\t<img width=\"32\" height=\"32\" src=\"https:\/\/www.penzion-kaps.si\/wp-content\/uploads\/2014\/10\/tv27.png\" class=\"attachment-thumbnail size-thumbnail\" alt=\"\" decoding=\"async\" loading=\"lazy\" \/>\n\t\t\t<\/dt><\/dl><dl class='gallery-item'>\n\t\t\t<dt class='gallery-icon landscape'>\n\t\t\t\t<img width=\"32\" height=\"32\" src=\"https:\/\/www.penzion-kaps.si\/wp-content\/uploads\/2014\/10\/safe12.png\" class=\"attachment-thumbnail size-thumbnail\" alt=\"\" decoding=\"async\" loading=\"lazy\" \/>\n\t\t\t<\/dt><\/dl><dl class='gallery-item'>\n\t\t\t<dt class='gallery-icon landscape'>\n\t\t\t\t<img width=\"32\" height=\"31\" src=\"https:\/\/www.penzion-kaps.si\/wp-content\/uploads\/2014\/10\/regular2.png\" class=\"attachment-thumbnail size-thumbnail\" alt=\"\" decoding=\"async\" loading=\"lazy\" \/>\n\t\t\t<\/dt><\/dl><dl class='gallery-item'>\n\t\t\t<dt class='gallery-icon landscape'>\n\t\t\t\t<img width=\"32\" height=\"32\" src=\"https:\/\/www.penzion-kaps.si\/wp-content\/uploads\/2014\/10\/computer170.png\" class=\"attachment-thumbnail size-thumbnail\" alt=\"\" decoding=\"async\" loading=\"lazy\" \/>\n\t\t\t<\/dt><\/dl><dl class='gallery-item'>\n\t\t\t<dt class='gallery-icon landscape'>\n\t\t\t\t<img width=\"32\" height=\"32\" src=\"https:\/\/www.penzion-kaps.si\/wp-content\/uploads\/2014\/10\/breakfast1.png\" class=\"attachment-thumbnail size-thumbnail\" alt=\"\" decoding=\"async\" loading=\"lazy\" \/>\n\t\t\t<\/dt><\/dl><br style=\"clear: both\" \/>\n\t\t<\/div>\n<div class=\"et_pb_module dsm_masonry_gallery dsm_masonry_gallery_0\">\n\t\t\t\t\n\t\t\t\t\n\t\t\t\t\n\t\t\t\t\n\t\t\t\t\n\t\t\t\t\n\t\t\t\t<div class=\"et_pb_module_inner\">\n\t\t\t\t\t<div class=\"dsm-gallery grid dsm_masonry_zoom_hover\" data-lightbox=\"true\" data-horizontalorder=\"true\">\n                <div class=\"grid-sizer\"><\/div><div class=\"gutter-sizer\"><\/div><div class=\"grid-item\">\n                    <a href=\"https:\/\/www.penzion-kaps.si\/wp-content\/uploads\/2021\/03\/PENZION-KAPS-BLED-Comfort-Dvoposteljna-soba-z-balkonom2.jpg\"  data-title='PENZION KAPS BLED &#8211; Comfort Dvoposteljna soba z balkonom2'  data-caption='PENZION KAPS BLED' data-mfp-src=\"https:\/\/www.penzion-kaps.si\/wp-content\/uploads\/2021\/03\/PENZION-KAPS-BLED-Comfort-Dvoposteljna-soba-z-balkonom2.jpg\">\n                        <div class=\"et_pb_image_wrap\">\n                            <img loading=\"lazy\" decoding=\"async\" src=\"https:\/\/www.penzion-kaps.si\/wp-content\/uploads\/2021\/03\/PENZION-KAPS-BLED-Comfort-Dvoposteljna-soba-z-balkonom2.jpg\" title=\"PENZION KAPS BLED &#8211; Comfort Dvoposteljna soba z balkonom2\" alt=\"PENZION KAPS BLED\" class=\"dsm-skip-lazyload\" srcset=\"https:\/\/www.penzion-kaps.si\/wp-content\/uploads\/2021\/03\/PENZION-KAPS-BLED-Comfort-Dvoposteljna-soba-z-balkonom2.jpg 1080w, https:\/\/www.penzion-kaps.si\/wp-content\/uploads\/2021\/03\/PENZION-KAPS-BLED-Comfort-Dvoposteljna-soba-z-balkonom2-980x653.jpg 980w, https:\/\/www.penzion-kaps.si\/wp-content\/uploads\/2021\/03\/PENZION-KAPS-BLED-Comfort-Dvoposteljna-soba-z-balkonom2-480x320.jpg 480w\" sizes=\"(min-width: 0px) and (max-width: 480px) 480px, (min-width: 481px) and (max-width: 980px) 980px, (min-width: 981px) 1080px, 100vw\" width=\"1080\" height=\"720\" \/>\n                            \n                        <\/div>\n                    <\/a>\n                <\/div><div class=\"grid-item\">\n                    <a href=\"https:\/\/www.penzion-kaps.si\/wp-content\/uploads\/2021\/03\/PENZION-KAPS-BLED-Comfort-Dvoposteljna-soba-z-balkonom4.jpg\"  data-title='PENZION KAPS BLED &#8211; Comfort Dvoposteljna soba z balkonom4'  data-caption='PENZION KAPS BLED' data-mfp-src=\"https:\/\/www.penzion-kaps.si\/wp-content\/uploads\/2021\/03\/PENZION-KAPS-BLED-Comfort-Dvoposteljna-soba-z-balkonom4.jpg\">\n                        <div class=\"et_pb_image_wrap\">\n                            <img loading=\"lazy\" decoding=\"async\" src=\"https:\/\/www.penzion-kaps.si\/wp-content\/uploads\/2021\/03\/PENZION-KAPS-BLED-Comfort-Dvoposteljna-soba-z-balkonom4.jpg\" title=\"PENZION KAPS BLED &#8211; Comfort Dvoposteljna soba z balkonom4\" alt=\"PENZION KAPS BLED\" class=\"dsm-skip-lazyload\" srcset=\"https:\/\/www.penzion-kaps.si\/wp-content\/uploads\/2021\/03\/PENZION-KAPS-BLED-Comfort-Dvoposteljna-soba-z-balkonom4.jpg 1080w, https:\/\/www.penzion-kaps.si\/wp-content\/uploads\/2021\/03\/PENZION-KAPS-BLED-Comfort-Dvoposteljna-soba-z-balkonom4-980x653.jpg 980w, https:\/\/www.penzion-kaps.si\/wp-content\/uploads\/2021\/03\/PENZION-KAPS-BLED-Comfort-Dvoposteljna-soba-z-balkonom4-480x320.jpg 480w\" sizes=\"(min-width: 0px) and (max-width: 480px) 480px, (min-width: 481px) and (max-width: 980px) 980px, (min-width: 981px) 1080px, 100vw\" width=\"1080\" height=\"720\" \/>\n                            \n                        <\/div>\n                    <\/a>\n                <\/div><div class=\"grid-item\">\n                    <a href=\"https:\/\/www.penzion-kaps.si\/wp-content\/uploads\/2021\/03\/PENZION-KAPS-BLED-Comfort-Dvoposteljna-soba-z-balkonom5.jpg\"  data-title='PENZION KAPS BLED &#8211; Comfort Dvoposteljna soba z balkonom5'  data-caption='PENZION KAPS BLED' data-mfp-src=\"https:\/\/www.penzion-kaps.si\/wp-content\/uploads\/2021\/03\/PENZION-KAPS-BLED-Comfort-Dvoposteljna-soba-z-balkonom5.jpg\">\n                        <div class=\"et_pb_image_wrap\">\n                            <img loading=\"lazy\" decoding=\"async\" src=\"https:\/\/www.penzion-kaps.si\/wp-content\/uploads\/2021\/03\/PENZION-KAPS-BLED-Comfort-Dvoposteljna-soba-z-balkonom5.jpg\" title=\"PENZION KAPS BLED &#8211; Comfort Dvoposteljna soba z balkonom5\" alt=\"PENZION KAPS BLED\" class=\"dsm-skip-lazyload\" srcset=\"https:\/\/www.penzion-kaps.si\/wp-content\/uploads\/2021\/03\/PENZION-KAPS-BLED-Comfort-Dvoposteljna-soba-z-balkonom5.jpg 1080w, https:\/\/www.penzion-kaps.si\/wp-content\/uploads\/2021\/03\/PENZION-KAPS-BLED-Comfort-Dvoposteljna-soba-z-balkonom5-980x653.jpg 980w, https:\/\/www.penzion-kaps.si\/wp-content\/uploads\/2021\/03\/PENZION-KAPS-BLED-Comfort-Dvoposteljna-soba-z-balkonom5-480x320.jpg 480w\" sizes=\"(min-width: 0px) and (max-width: 480px) 480px, (min-width: 481px) and (max-width: 980px) 980px, (min-width: 981px) 1080px, 100vw\" width=\"1080\" height=\"720\" \/>\n                            \n                        <\/div>\n                    <\/a>\n                <\/div><div class=\"grid-item\">\n                    <a href=\"https:\/\/www.penzion-kaps.si\/wp-content\/uploads\/2021\/03\/PENZION-KAPS-BLED-Comfort-Dvoposteljna-soba-z-balkonom6.jpg\"  data-title='PENZION KAPS BLED &#8211; Comfort Dvoposteljna soba z balkonom6'  data-caption='PENZION KAPS BLED' data-mfp-src=\"https:\/\/www.penzion-kaps.si\/wp-content\/uploads\/2021\/03\/PENZION-KAPS-BLED-Comfort-Dvoposteljna-soba-z-balkonom6.jpg\">\n                        <div class=\"et_pb_image_wrap\">\n                            <img loading=\"lazy\" decoding=\"async\" src=\"https:\/\/www.penzion-kaps.si\/wp-content\/uploads\/2021\/03\/PENZION-KAPS-BLED-Comfort-Dvoposteljna-soba-z-balkonom6.jpg\" title=\"PENZION KAPS BLED &#8211; Comfort Dvoposteljna soba z balkonom6\" alt=\"PENZION KAPS BLED\" class=\"dsm-skip-lazyload\" srcset=\"https:\/\/www.penzion-kaps.si\/wp-content\/uploads\/2021\/03\/PENZION-KAPS-BLED-Comfort-Dvoposteljna-soba-z-balkonom6.jpg 1080w, https:\/\/www.penzion-kaps.si\/wp-content\/uploads\/2021\/03\/PENZION-KAPS-BLED-Comfort-Dvoposteljna-soba-z-balkonom6-980x653.jpg 980w, https:\/\/www.penzion-kaps.si\/wp-content\/uploads\/2021\/03\/PENZION-KAPS-BLED-Comfort-Dvoposteljna-soba-z-balkonom6-480x320.jpg 480w\" sizes=\"(min-width: 0px) and (max-width: 480px) 480px, (min-width: 481px) and (max-width: 980px) 980px, (min-width: 981px) 1080px, 100vw\" width=\"1080\" height=\"720\" \/>\n                            \n                        <\/div>\n                    <\/a>\n                <\/div><div class=\"grid-item\">\n                    <a href=\"https:\/\/www.penzion-kaps.si\/wp-content\/uploads\/2021\/03\/PENZION-KAPS-BLED-Comfort-Dvoposteljna-soba-z-balkonom7.jpg\"  data-title='PENZION KAPS BLED &#8211; Comfort Dvoposteljna soba z balkonom7'  data-caption='PENZION KAPS BLED' data-mfp-src=\"https:\/\/www.penzion-kaps.si\/wp-content\/uploads\/2021\/03\/PENZION-KAPS-BLED-Comfort-Dvoposteljna-soba-z-balkonom7.jpg\">\n                        <div class=\"et_pb_image_wrap\">\n                            <img loading=\"lazy\" decoding=\"async\" src=\"https:\/\/www.penzion-kaps.si\/wp-content\/uploads\/2021\/03\/PENZION-KAPS-BLED-Comfort-Dvoposteljna-soba-z-balkonom7.jpg\" title=\"PENZION KAPS BLED &#8211; Comfort Dvoposteljna soba z balkonom7\" alt=\"PENZION KAPS BLED\" class=\"dsm-skip-lazyload\" srcset=\"https:\/\/www.penzion-kaps.si\/wp-content\/uploads\/2021\/03\/PENZION-KAPS-BLED-Comfort-Dvoposteljna-soba-z-balkonom7.jpg 1080w, https:\/\/www.penzion-kaps.si\/wp-content\/uploads\/2021\/03\/PENZION-KAPS-BLED-Comfort-Dvoposteljna-soba-z-balkonom7-980x653.jpg 980w, https:\/\/www.penzion-kaps.si\/wp-content\/uploads\/2021\/03\/PENZION-KAPS-BLED-Comfort-Dvoposteljna-soba-z-balkonom7-480x320.jpg 480w\" sizes=\"(min-width: 0px) and (max-width: 480px) 480px, (min-width: 481px) and (max-width: 980px) 980px, (min-width: 981px) 1080px, 100vw\" width=\"1080\" height=\"720\" \/>\n                            \n                        <\/div>\n                    <\/a>\n                <\/div><div class=\"grid-item\">\n                    <a href=\"https:\/\/www.penzion-kaps.si\/wp-content\/uploads\/2021\/03\/PENZION-KAPS-BLED-Comfort-Dvoposteljna-soba-z-balkonom8.jpg\"  data-title='PENZION KAPS BLED &#8211; Comfort Dvoposteljna soba z balkonom8'  data-caption='PENZION KAPS BLED' data-mfp-src=\"https:\/\/www.penzion-kaps.si\/wp-content\/uploads\/2021\/03\/PENZION-KAPS-BLED-Comfort-Dvoposteljna-soba-z-balkonom8.jpg\">\n                        <div class=\"et_pb_image_wrap\">\n                            <img loading=\"lazy\" decoding=\"async\" src=\"https:\/\/www.penzion-kaps.si\/wp-content\/uploads\/2021\/03\/PENZION-KAPS-BLED-Comfort-Dvoposteljna-soba-z-balkonom8.jpg\" title=\"PENZION KAPS BLED &#8211; Comfort Dvoposteljna soba z balkonom8\" alt=\"PENZION KAPS BLED\" class=\"dsm-skip-lazyload\" srcset=\"https:\/\/www.penzion-kaps.si\/wp-content\/uploads\/2021\/03\/PENZION-KAPS-BLED-Comfort-Dvoposteljna-soba-z-balkonom8.jpg 1080w, https:\/\/www.penzion-kaps.si\/wp-content\/uploads\/2021\/03\/PENZION-KAPS-BLED-Comfort-Dvoposteljna-soba-z-balkonom8-980x653.jpg 980w, https:\/\/www.penzion-kaps.si\/wp-content\/uploads\/2021\/03\/PENZION-KAPS-BLED-Comfort-Dvoposteljna-soba-z-balkonom8-480x320.jpg 480w\" sizes=\"(min-width: 0px) and (max-width: 480px) 480px, (min-width: 481px) and (max-width: 980px) 980px, (min-width: 981px) 1080px, 100vw\" width=\"1080\" height=\"720\" \/>\n                            \n                        <\/div>\n                    <\/a>\n                <\/div><div class=\"grid-item\">\n                    <a href=\"https:\/\/www.penzion-kaps.si\/wp-content\/uploads\/2021\/03\/PENZION-KAPS-BLED-Comfort-Dvoposteljna-soba-z-balkonom9.jpg\"  data-title='PENZION KAPS BLED &#8211; Comfort Dvoposteljna soba z balkonom9'  data-caption='PENZION KAPS BLED' data-mfp-src=\"https:\/\/www.penzion-kaps.si\/wp-content\/uploads\/2021\/03\/PENZION-KAPS-BLED-Comfort-Dvoposteljna-soba-z-balkonom9.jpg\">\n                        <div class=\"et_pb_image_wrap\">\n                            <img loading=\"lazy\" decoding=\"async\" src=\"https:\/\/www.penzion-kaps.si\/wp-content\/uploads\/2021\/03\/PENZION-KAPS-BLED-Comfort-Dvoposteljna-soba-z-balkonom9.jpg\" title=\"PENZION KAPS BLED &#8211; Comfort Dvoposteljna soba z balkonom9\" alt=\"PENZION KAPS BLED\" class=\"dsm-skip-lazyload\" srcset=\"https:\/\/www.penzion-kaps.si\/wp-content\/uploads\/2021\/03\/PENZION-KAPS-BLED-Comfort-Dvoposteljna-soba-z-balkonom9.jpg 1080w, https:\/\/www.penzion-kaps.si\/wp-content\/uploads\/2021\/03\/PENZION-KAPS-BLED-Comfort-Dvoposteljna-soba-z-balkonom9-980x653.jpg 980w, https:\/\/www.penzion-kaps.si\/wp-content\/uploads\/2021\/03\/PENZION-KAPS-BLED-Comfort-Dvoposteljna-soba-z-balkonom9-480x320.jpg 480w\" sizes=\"(min-width: 0px) and (max-width: 480px) 480px, (min-width: 481px) and (max-width: 980px) 980px, (min-width: 981px) 1080px, 100vw\" width=\"1080\" height=\"720\" \/>\n                            \n                        <\/div>\n                    <\/a>\n                <\/div>\n             <\/div>\n\t\t\t\t<\/div>\n\t\t\t<\/div>[panoembed]\/wp-content\/uploads\/kaps\/tour.html[\/panoembed]<\/p>\n","protected":false},"author":1,"featured_media":4436,"parent":2829,"menu_order":1,"comment_status":"closed","ping_status":"closed","template":"","meta":{"_et_pb_use_builder":"on","_et_pb_old_content":"","_et_gb_content_width":"","footnotes":""},"class_list":["post-4206","page","type-page","status-publish","has-post-thumbnail","hentry"],"aioseo_notices":[],"_links":{"self":[{"href":"https:\/\/www.penzion-kaps.si\/de\/wp-json\/wp\/v2\/pages\/4206"}],"collection":[{"href":"https:\/\/www.penzion-kaps.si\/de\/wp-json\/wp\/v2\/pages"}],"about":[{"href":"https:\/\/www.penzion-kaps.si\/de\/wp-json\/wp\/v2\/types\/page"}],"author":[{"embeddable":true,"href":"https:\/\/www.penzion-kaps.si\/de\/wp-json\/wp\/v2\/users\/1"}],"replies":[{"embeddable":true,"href":"https:\/\/www.penzion-kaps.si\/de\/wp-json\/wp\/v2\/comments?post=4206"}],"version-history":[{"count":15,"href":"https:\/\/www.penzion-kaps.si\/de\/wp-json\/wp\/v2\/pages\/4206\/revisions"}],"predecessor-version":[{"id":5758,"href":"https:\/\/www.penzion-kaps.si\/de\/wp-json\/wp\/v2\/pages\/4206\/revisions\/5758"}],"up":[{"embeddable":true,"href":"https:\/\/www.penzion-kaps.si\/de\/wp-json\/wp\/v2\/pages\/2829"}],"wp:featuredmedia":[{"embeddable":true,"href":"https:\/\/www.penzion-kaps.si\/de\/wp-json\/wp\/v2\/media\/4436"}],"wp:attachment":[{"href":"https:\/\/www.penzion-kaps.si\/de\/wp-json\/wp\/v2\/media?parent=4206"}],"curies":[{"name":"wp","href":"https:\/\/api.w.org\/{rel}","templated":true}]}}